{"id":131,"date":"2019-03-11T12:00:20","date_gmt":"2019-03-11T11:00:20","guid":{"rendered":"http:\/\/shop.oliobonamini.com\/?post_type=product&#038;p=131"},"modified":"2026-01-21T14:13:52","modified_gmt":"2026-01-21T13:13:52","slug":"crema-mani-50ml-2","status":"publish","type":"product","link":"https:\/\/shop.oliobonamini.com\/de\/prodotto\/crema-mani-50ml-2\/","title":{"rendered":"Handcreme AIRLESS 50ml"},"content":{"rendered":"<p>Diese Creme neben ausgezeichneten weichmachenden und feuchtigkeitsspendenden Eigenschaften von nativem Oliven\u00f6l extra , dank seiner hohen Gehalt an Flavonoiden und Polyphenolen von Propolis hat eine hohe Heilt\u00e4tigkeit , adstringierend und Desinfektionsmittel auf der Haut der H\u00e4nde; es wirkt sich auch auf die Sch\u00f6nheit der N\u00e4gel aus und sch\u00fctzt sie.<\/p>\n<p><em>Anwendungshinweis<\/em>: Tragen Sie eine kleine Menge des Produkts auf den Handr\u00fccken auf. Reiben Sie die Creme mit einer kreisenden Massage ein und warten Sie, bis sie eingezogen ist. Verteilen Sie die Creme unbedingt zwischen Ihren Fingern und bewegen Sie sie anschlie\u00dfend mit leichten Druckbewegungen in die Handfl\u00e4chen. So kann die Creme tiefer einziehen und die Durchblutung der H\u00e4nde angeregt werden.<\/p>","protected":false},"excerpt":{"rendered":"<p>Diese Creme neben ausgezeichneten weichmachenden und feuchtigkeitsspendenden Eigenschaften von nativem Oliven\u00f6l extra , dank seiner hohen Gehalt an Flavonoiden und Polyphenolen von Propolis hat eine hohe Heilt\u00e4tigkeit , adstringierend und Desinfektionsmittel auf der Haut der H\u00e4nde; es wirkt sich auch auf die Sch\u00f6nheit der N\u00e4gel aus und sch\u00fctzt sie. Anwendungshinweis: Tragen Sie eine kleine Menge [&hellip;]<\/p>\n","protected":false},"featured_media":7733,"comment_status":"closed","ping_status":"closed","template":"","meta":{"_acf_changed":false},"product_brand":[],"product_cat":[26],"product_tag":[],"class_list":{"0":"post-131","1":"product","2":"type-product","3":"status-publish","4":"has-post-thumbnail","6":"product_cat-cosmetica-olio-oliva","8":"first","9":"instock","10":"taxable","11":"shipping-taxable","12":"purchasable","13":"product-type-simple"},"acf":[],"_links":{"self":[{"href":"https:\/\/shop.oliobonamini.com\/de\/wp-json\/wp\/v2\/product\/131","targetHints":{"allow":["GET"]}}],"collection":[{"href":"https:\/\/shop.oliobonamini.com\/de\/wp-json\/wp\/v2\/product"}],"about":[{"href":"https:\/\/shop.oliobonamini.com\/de\/wp-json\/wp\/v2\/types\/product"}],"replies":[{"embeddable":true,"href":"https:\/\/shop.oliobonamini.com\/de\/wp-json\/wp\/v2\/comments?post=131"}],"wp:featuredmedia":[{"embeddable":true,"href":"https:\/\/shop.oliobonamini.com\/de\/wp-json\/wp\/v2\/media\/7733"}],"wp:attachment":[{"href":"https:\/\/shop.oliobonamini.com\/de\/wp-json\/wp\/v2\/media?parent=131"}],"wp:term":[{"taxonomy":"product_brand","embeddable":true,"href":"https:\/\/shop.oliobonamini.com\/de\/wp-json\/wp\/v2\/product_brand?post=131"},{"taxonomy":"product_cat","embeddable":true,"href":"https:\/\/shop.oliobonamini.com\/de\/wp-json\/wp\/v2\/product_cat?post=131"},{"taxonomy":"product_tag","embeddable":true,"href":"https:\/\/shop.oliobonamini.com\/de\/wp-json\/wp\/v2\/product_tag?post=131"}],"curies":[{"name":"wp","href":"https:\/\/api.w.org\/{rel}","templated":true}]}}