{"id":127,"date":"2019-03-11T11:57:09","date_gmt":"2019-03-11T10:57:09","guid":{"rendered":"http:\/\/shop.oliobonamini.com\/?post_type=product&#038;p=127"},"modified":"2025-11-03T17:23:31","modified_gmt":"2025-11-03T16:23:31","slug":"sapone-scrub-allolio-di-oliva-150g","status":"publish","type":"product","link":"https:\/\/shop.oliobonamini.com\/de\/prodotto\/sapone-scrub-allolio-di-oliva-150g\/","title":{"rendered":"Seife scrub 150g"},"content":{"rendered":"<p>Peeling- Seife Oliven\u00f6l mit Mikrogranulate von Olivenkerne, die Beseitigung von toten Zellen und Unreinheiten der Haut zu erleichtern. Ein Ergebnis sanfte und nat\u00fcrliche f\u00fcr den K\u00f6rper und Gesicht.<\/p>\n<p>Anwendungshinweis: Unter der Dusche auf die feuchte Haut auftragen und sanft einmassieren, dabei besonders auf die raueren Stellen (Ellenbogen, Knie, Fersen) achten, gr\u00fcndlich absp\u00fclen. 1 bis 2 Mal pro Woche anwenden.<\/p>","protected":false},"excerpt":{"rendered":"<p>Peeling- Seife Oliven\u00f6l mit Mikrogranulate von Olivenkerne, die Beseitigung von toten Zellen und Unreinheiten der Haut zu erleichtern. Ein Ergebnis sanfte und nat\u00fcrliche f\u00fcr den K\u00f6rper und Gesicht. Anwendungshinweis: Unter der Dusche auf die feuchte Haut auftragen und sanft einmassieren, dabei besonders auf die raueren Stellen (Ellenbogen, Knie, Fersen) achten, gr\u00fcndlich absp\u00fclen. 1 bis 2 [&hellip;]<\/p>\n","protected":false},"featured_media":7741,"comment_status":"closed","ping_status":"closed","template":"","meta":{"_acf_changed":false},"product_brand":[],"product_cat":[26],"product_tag":[],"class_list":{"0":"post-127","1":"product","2":"type-product","3":"status-publish","4":"has-post-thumbnail","6":"product_cat-cosmetica-olio-oliva","8":"first","9":"instock","10":"taxable","11":"shipping-taxable","12":"purchasable","13":"product-type-simple"},"acf":[],"_links":{"self":[{"href":"https:\/\/shop.oliobonamini.com\/de\/wp-json\/wp\/v2\/product\/127","targetHints":{"allow":["GET"]}}],"collection":[{"href":"https:\/\/shop.oliobonamini.com\/de\/wp-json\/wp\/v2\/product"}],"about":[{"href":"https:\/\/shop.oliobonamini.com\/de\/wp-json\/wp\/v2\/types\/product"}],"replies":[{"embeddable":true,"href":"https:\/\/shop.oliobonamini.com\/de\/wp-json\/wp\/v2\/comments?post=127"}],"wp:featuredmedia":[{"embeddable":true,"href":"https:\/\/shop.oliobonamini.com\/de\/wp-json\/wp\/v2\/media\/7741"}],"wp:attachment":[{"href":"https:\/\/shop.oliobonamini.com\/de\/wp-json\/wp\/v2\/media?parent=127"}],"wp:term":[{"taxonomy":"product_brand","embeddable":true,"href":"https:\/\/shop.oliobonamini.com\/de\/wp-json\/wp\/v2\/product_brand?post=127"},{"taxonomy":"product_cat","embeddable":true,"href":"https:\/\/shop.oliobonamini.com\/de\/wp-json\/wp\/v2\/product_cat?post=127"},{"taxonomy":"product_tag","embeddable":true,"href":"https:\/\/shop.oliobonamini.com\/de\/wp-json\/wp\/v2\/product_tag?post=127"}],"curies":[{"name":"wp","href":"https:\/\/api.w.org\/{rel}","templated":true}]}}