{"id":126,"date":"2019-03-11T11:54:13","date_gmt":"2019-03-11T10:54:13","guid":{"rendered":"http:\/\/shop.oliobonamini.com\/?post_type=product&#038;p=126"},"modified":"2025-01-09T12:00:31","modified_gmt":"2025-01-09T11:00:31","slug":"sapone-marsiglia-oliodioliva-300gr","status":"publish","type":"product","link":"https:\/\/shop.oliobonamini.com\/de\/prodotto\/sapone-marsiglia-oliodioliva-300gr\/","title":{"rendered":"Seife Marsiglia 300g"},"content":{"rendered":"<p>Der wei\u00dfe und weiche Schaum ist absolut nat\u00fcrlich und sch\u00fctzt Ihre H\u00e4nde sowie Ihre delikaten W\u00e4schest\u00fccke. Besonders f\u00fcr die W\u00e4sche von Kinderkleidung geeignet. Respektiert die Natur.<\/p>\n<p><em>Anwendungshinweis:<\/em>\u00a0T\u00e4glich zum H\u00e4nde- und Gesichtswaschen verwenden, reinigt sanft, erzeugt einen angenehmen Schaum und macht die Haut weich.<\/p>","protected":false},"excerpt":{"rendered":"<p>Der wei\u00dfe und weiche Schaum ist absolut nat\u00fcrlich und sch\u00fctzt Ihre H\u00e4nde sowie Ihre delikaten W\u00e4schest\u00fccke. Besonders f\u00fcr die W\u00e4sche von Kinderkleidung geeignet. Respektiert die Natur. Anwendungshinweis:\u00a0T\u00e4glich zum H\u00e4nde- und Gesichtswaschen verwenden, reinigt sanft, erzeugt einen angenehmen Schaum und macht die Haut weich.<\/p>\n","protected":false},"featured_media":7740,"comment_status":"closed","ping_status":"closed","template":"","meta":{"_acf_changed":false},"product_brand":[],"product_cat":[26],"product_tag":[],"class_list":{"0":"post-126","1":"product","2":"type-product","3":"status-publish","4":"has-post-thumbnail","6":"product_cat-cosmetica-olio-oliva","8":"first","9":"instock","10":"taxable","11":"shipping-taxable","12":"purchasable","13":"product-type-simple"},"acf":[],"_links":{"self":[{"href":"https:\/\/shop.oliobonamini.com\/de\/wp-json\/wp\/v2\/product\/126","targetHints":{"allow":["GET"]}}],"collection":[{"href":"https:\/\/shop.oliobonamini.com\/de\/wp-json\/wp\/v2\/product"}],"about":[{"href":"https:\/\/shop.oliobonamini.com\/de\/wp-json\/wp\/v2\/types\/product"}],"replies":[{"embeddable":true,"href":"https:\/\/shop.oliobonamini.com\/de\/wp-json\/wp\/v2\/comments?post=126"}],"wp:featuredmedia":[{"embeddable":true,"href":"https:\/\/shop.oliobonamini.com\/de\/wp-json\/wp\/v2\/media\/7740"}],"wp:attachment":[{"href":"https:\/\/shop.oliobonamini.com\/de\/wp-json\/wp\/v2\/media?parent=126"}],"wp:term":[{"taxonomy":"product_brand","embeddable":true,"href":"https:\/\/shop.oliobonamini.com\/de\/wp-json\/wp\/v2\/product_brand?post=126"},{"taxonomy":"product_cat","embeddable":true,"href":"https:\/\/shop.oliobonamini.com\/de\/wp-json\/wp\/v2\/product_cat?post=126"},{"taxonomy":"product_tag","embeddable":true,"href":"https:\/\/shop.oliobonamini.com\/de\/wp-json\/wp\/v2\/product_tag?post=126"}],"curies":[{"name":"wp","href":"https:\/\/api.w.org\/{rel}","templated":true}]}}