{"id":124,"date":"2019-03-11T11:50:56","date_gmt":"2019-03-11T10:50:56","guid":{"rendered":"http:\/\/shop.oliobonamini.com\/?post_type=product&#038;p=124"},"modified":"2024-05-22T15:58:27","modified_gmt":"2024-05-22T13:58:27","slug":"crema-viso-notte-50ml","status":"publish","type":"product","link":"https:\/\/shop.oliobonamini.com\/de\/prodotto\/crema-viso-notte-50ml\/","title":{"rendered":"Gesichtsnachtcreme 50 ml mit Oliven\u00f6l"},"content":{"rendered":"<p>Anwendung: das Gesicht gr\u00fcndlich reinigen, die Creme gleichm\u00e4\u00dfig auftragen und leicht einmassieren. Dank der hohen Konzentration von aktiven Prinzipien reicht eine kleine Menge, um optimales Resultat zu erreichen. Die Nachtcreme eignet sich f\u00fcr jeden Hauttyp. Oliven\u00f6l Extra Vergine, haupts\u00e4chlich bestehend aus einfachen unges\u00e4ttigten Fetts\u00e4uren, stabilisiert den Feuchtigkeitsfilm der Haut und beschleunigt den nat\u00fcrlichen Austausch der Hautzellen. Der hohe Anteil an hochwertigen und nat\u00fcrlichen Substanzen n\u00e4hrt die Haut, strafft sie und ist gleichzeitig regenerierend.<\/p>\n<p><em>Anwendungshinweis:<\/em> Abends auf Gesicht, Hals und Dekollet\u00e9 oder lokal auf die von \u00e4u\u00dferen Einfl\u00fcssen betroffenen Stellen auftragen. Tragen Sie etwas Produkt auf und massieren Sie es gleichm\u00e4\u00dfig ein, sodass es vollst\u00e4ndig \u00fcber die gesamte zu bedeckende Oberfl\u00e4che einzieht.<\/p>","protected":false},"excerpt":{"rendered":"<p>Anwendung: das Gesicht gr\u00fcndlich reinigen, die Creme gleichm\u00e4\u00dfig auftragen und leicht einmassieren. Dank der hohen Konzentration von aktiven Prinzipien reicht eine kleine Menge, um optimales Resultat zu erreichen. Die Nachtcreme eignet sich f\u00fcr jeden Hauttyp. Oliven\u00f6l Extra Vergine, haupts\u00e4chlich bestehend aus einfachen unges\u00e4ttigten Fetts\u00e4uren, stabilisiert den Feuchtigkeitsfilm der Haut und beschleunigt den nat\u00fcrlichen Austausch der [&hellip;]<\/p>\n","protected":false},"featured_media":7736,"comment_status":"closed","ping_status":"closed","template":"","meta":{"_acf_changed":false},"product_brand":[],"product_cat":[26],"product_tag":[],"class_list":{"0":"post-124","1":"product","2":"type-product","3":"status-publish","4":"has-post-thumbnail","6":"product_cat-cosmetica-olio-oliva","8":"first","9":"instock","10":"taxable","11":"shipping-taxable","12":"purchasable","13":"product-type-simple"},"acf":[],"_links":{"self":[{"href":"https:\/\/shop.oliobonamini.com\/de\/wp-json\/wp\/v2\/product\/124","targetHints":{"allow":["GET"]}}],"collection":[{"href":"https:\/\/shop.oliobonamini.com\/de\/wp-json\/wp\/v2\/product"}],"about":[{"href":"https:\/\/shop.oliobonamini.com\/de\/wp-json\/wp\/v2\/types\/product"}],"replies":[{"embeddable":true,"href":"https:\/\/shop.oliobonamini.com\/de\/wp-json\/wp\/v2\/comments?post=124"}],"wp:featuredmedia":[{"embeddable":true,"href":"https:\/\/shop.oliobonamini.com\/de\/wp-json\/wp\/v2\/media\/7736"}],"wp:attachment":[{"href":"https:\/\/shop.oliobonamini.com\/de\/wp-json\/wp\/v2\/media?parent=124"}],"wp:term":[{"taxonomy":"product_brand","embeddable":true,"href":"https:\/\/shop.oliobonamini.com\/de\/wp-json\/wp\/v2\/product_brand?post=124"},{"taxonomy":"product_cat","embeddable":true,"href":"https:\/\/shop.oliobonamini.com\/de\/wp-json\/wp\/v2\/product_cat?post=124"},{"taxonomy":"product_tag","embeddable":true,"href":"https:\/\/shop.oliobonamini.com\/de\/wp-json\/wp\/v2\/product_tag?post=124"}],"curies":[{"name":"wp","href":"https:\/\/api.w.org\/{rel}","templated":true}]}}