{"id":122,"date":"2019-03-11T11:48:51","date_gmt":"2019-03-11T10:48:51","guid":{"rendered":"http:\/\/shop.oliobonamini.com\/?post_type=product&#038;p=122"},"modified":"2026-01-27T12:05:20","modified_gmt":"2026-01-27T11:05:20","slug":"crema-viso-giorno-50ml","status":"publish","type":"product","link":"https:\/\/shop.oliobonamini.com\/de\/prodotto\/crema-viso-giorno-50ml\/","title":{"rendered":"Gesichtstagescreme 50 ml"},"content":{"rendered":"<p>Die Tagescreme eignet sich, aufgrund der herausragenden, feuchtigkeitsspendenden Zutaten: natives Oliven\u00f6l Extra Vergine, f\u00fcr jeden Hauttyp. Oliven\u00f6l Extra Vergine besteht haupts\u00e4chlich aus einfachen, unges\u00e4ttigten Fetts\u00e4uren und stabilisiert daher den Feuchtigkeitsfilm der Haut. Sie beschleunigt den nat\u00fcrlichen Austausch der Hautzellen. Creme mit hohem Anteil an hochwertigen, nat\u00fcrlichen Substanzen erh\u00e4lt lange die optimale Feuchtigkeit der Haut und sch\u00fctzt sie gegen Umwelteinfl\u00fcsse.<\/p>\n<p><em>Anwendungshinweis:<\/em> Morgens als Schutz nach den t\u00e4glichen Behandlungen anwenden. Es kann in jedem Alter zur Konservierung und f\u00fcr den st\u00e4dtischen Gebrauch verwendet werden, es regt die Aktivit\u00e4t der Haut an, die sich tags\u00fcber sch\u00fctzt und nachts regeneriert.<\/p>","protected":false},"excerpt":{"rendered":"<p>Die Tagescreme eignet sich, aufgrund der herausragenden, feuchtigkeitsspendenden Zutaten: natives Oliven\u00f6l Extra Vergine, f\u00fcr jeden Hauttyp. Oliven\u00f6l Extra Vergine besteht haupts\u00e4chlich aus einfachen, unges\u00e4ttigten Fetts\u00e4uren und stabilisiert daher den Feuchtigkeitsfilm der Haut. Sie beschleunigt den nat\u00fcrlichen Austausch der Hautzellen. Creme mit hohem Anteil an hochwertigen, nat\u00fcrlichen Substanzen erh\u00e4lt lange die optimale Feuchtigkeit der Haut und [&hellip;]<\/p>\n","protected":false},"featured_media":7735,"comment_status":"closed","ping_status":"closed","template":"","meta":{"_acf_changed":false},"product_brand":[],"product_cat":[26],"product_tag":[],"class_list":{"0":"post-122","1":"product","2":"type-product","3":"status-publish","4":"has-post-thumbnail","6":"product_cat-cosmetica-olio-oliva","8":"first","9":"outofstock","10":"taxable","11":"shipping-taxable","12":"purchasable","13":"product-type-simple"},"acf":[],"_links":{"self":[{"href":"https:\/\/shop.oliobonamini.com\/de\/wp-json\/wp\/v2\/product\/122","targetHints":{"allow":["GET"]}}],"collection":[{"href":"https:\/\/shop.oliobonamini.com\/de\/wp-json\/wp\/v2\/product"}],"about":[{"href":"https:\/\/shop.oliobonamini.com\/de\/wp-json\/wp\/v2\/types\/product"}],"replies":[{"embeddable":true,"href":"https:\/\/shop.oliobonamini.com\/de\/wp-json\/wp\/v2\/comments?post=122"}],"wp:featuredmedia":[{"embeddable":true,"href":"https:\/\/shop.oliobonamini.com\/de\/wp-json\/wp\/v2\/media\/7735"}],"wp:attachment":[{"href":"https:\/\/shop.oliobonamini.com\/de\/wp-json\/wp\/v2\/media?parent=122"}],"wp:term":[{"taxonomy":"product_brand","embeddable":true,"href":"https:\/\/shop.oliobonamini.com\/de\/wp-json\/wp\/v2\/product_brand?post=122"},{"taxonomy":"product_cat","embeddable":true,"href":"https:\/\/shop.oliobonamini.com\/de\/wp-json\/wp\/v2\/product_cat?post=122"},{"taxonomy":"product_tag","embeddable":true,"href":"https:\/\/shop.oliobonamini.com\/de\/wp-json\/wp\/v2\/product_tag?post=122"}],"curies":[{"name":"wp","href":"https:\/\/api.w.org\/{rel}","templated":true}]}}