{"id":121,"date":"2019-03-11T11:46:08","date_gmt":"2019-03-11T10:46:08","guid":{"rendered":"http:\/\/shop.oliobonamini.com\/?post_type=product&#038;p=121"},"modified":"2024-05-22T16:00:29","modified_gmt":"2024-05-22T14:00:29","slug":"crema-mani-50ml","status":"publish","type":"product","link":"https:\/\/shop.oliobonamini.com\/de\/prodotto\/crema-mani-50ml\/","title":{"rendered":"Handcreme 50ml"},"content":{"rendered":"<p>Diese Creme hat neben den hervorragenden erweichenden und feuchtigkeitsspendenden Eigenschaften von Oliven\u00f6l extra vergine dank des hohen Gehalts an Propolisflavonoiden und Polyphenolen eine hohe heilende, adstringierende und desinfizierende Wirkung auf die Haut der H\u00e4nde.<\/p>\n<p><em>Anwendungshinweis<\/em>: Tragen Sie eine kleine Menge des Produkts auf den Handr\u00fccken auf. Reiben Sie die Creme mit einer kreisenden Massage ein und warten Sie, bis sie eingezogen ist. Verteilen Sie die Creme unbedingt zwischen Ihren Fingern und bewegen Sie sie anschlie\u00dfend mit leichten Druckbewegungen in die Handfl\u00e4chen. So kann die Creme tiefer einziehen und die Durchblutung der H\u00e4nde angeregt werden.<\/p>","protected":false},"excerpt":{"rendered":"<p>Diese Creme hat neben den hervorragenden erweichenden und feuchtigkeitsspendenden Eigenschaften von Oliven\u00f6l extra vergine dank des hohen Gehalts an Propolisflavonoiden und Polyphenolen eine hohe heilende, adstringierende und desinfizierende Wirkung auf die Haut der H\u00e4nde. Anwendungshinweis: Tragen Sie eine kleine Menge des Produkts auf den Handr\u00fccken auf. Reiben Sie die Creme mit einer kreisenden Massage ein [&hellip;]<\/p>\n","protected":false},"featured_media":7734,"comment_status":"closed","ping_status":"closed","template":"","meta":{"_acf_changed":false},"product_brand":[],"product_cat":[26],"product_tag":[],"class_list":{"0":"post-121","1":"product","2":"type-product","3":"status-publish","4":"has-post-thumbnail","6":"product_cat-cosmetica-olio-oliva","8":"first","9":"instock","10":"taxable","11":"shipping-taxable","12":"purchasable","13":"product-type-simple"},"acf":[],"_links":{"self":[{"href":"https:\/\/shop.oliobonamini.com\/de\/wp-json\/wp\/v2\/product\/121","targetHints":{"allow":["GET"]}}],"collection":[{"href":"https:\/\/shop.oliobonamini.com\/de\/wp-json\/wp\/v2\/product"}],"about":[{"href":"https:\/\/shop.oliobonamini.com\/de\/wp-json\/wp\/v2\/types\/product"}],"replies":[{"embeddable":true,"href":"https:\/\/shop.oliobonamini.com\/de\/wp-json\/wp\/v2\/comments?post=121"}],"wp:featuredmedia":[{"embeddable":true,"href":"https:\/\/shop.oliobonamini.com\/de\/wp-json\/wp\/v2\/media\/7734"}],"wp:attachment":[{"href":"https:\/\/shop.oliobonamini.com\/de\/wp-json\/wp\/v2\/media?parent=121"}],"wp:term":[{"taxonomy":"product_brand","embeddable":true,"href":"https:\/\/shop.oliobonamini.com\/de\/wp-json\/wp\/v2\/product_brand?post=121"},{"taxonomy":"product_cat","embeddable":true,"href":"https:\/\/shop.oliobonamini.com\/de\/wp-json\/wp\/v2\/product_cat?post=121"},{"taxonomy":"product_tag","embeddable":true,"href":"https:\/\/shop.oliobonamini.com\/de\/wp-json\/wp\/v2\/product_tag?post=121"}],"curies":[{"name":"wp","href":"https:\/\/api.w.org\/{rel}","templated":true}]}}