{"id":120,"date":"2019-03-11T11:45:00","date_gmt":"2019-03-11T10:45:00","guid":{"rendered":"http:\/\/shop.oliobonamini.com\/?post_type=product&#038;p=120"},"modified":"2026-01-21T14:14:47","modified_gmt":"2026-01-21T13:14:47","slug":"crema-corpo-200ml","status":"publish","type":"product","link":"https:\/\/shop.oliobonamini.com\/de\/prodotto\/crema-corpo-200ml\/","title":{"rendered":"K\u00f6rpercreme 200 ml mit Oliven\u00f6l"},"content":{"rendered":"<p>Es wird empfohlen die Creme gleichm\u00e4\u00dfig aufzutragen und leicht einzumassieren. Falls n\u00f6tig Vorgang wiederholen. Dank der hohen Konzentration an aktiven Prinzipien reicht eine kleine Menge, um ein optimales Resultat zu erreichen. Die K\u00f6rpercreme eignet sich f\u00fcr jeden Hauttyp. Oliven\u00f6l Extra Vergine, haupts\u00e4chlich bestehend aus einfachen unges\u00e4ttigten Fetts\u00e4uren, stabilisiert den Feuchtigkeitsfilm der Haut und beschleunigt den nat\u00fcrlichen Austausch der Hautzellen. Der hohe Anteil an hochwertigen und nat\u00fcrlichen Substanzen n\u00e4hrt die Haut, strafft sie und ist gleichzeitig regenerierend.<\/p>\n<p><em>Anwendungshinweise:<\/em> am ganzen K\u00f6rper, t\u00e4glich oder je nach pers\u00f6nlichem Bedarf. Ideal nach Aufenthalt im Freien, Sand, Salz und Sonne.<\/p>","protected":false},"excerpt":{"rendered":"<p>Es wird empfohlen die Creme gleichm\u00e4\u00dfig aufzutragen und leicht einzumassieren. Falls n\u00f6tig Vorgang wiederholen. Dank der hohen Konzentration an aktiven Prinzipien reicht eine kleine Menge, um ein optimales Resultat zu erreichen. Die K\u00f6rpercreme eignet sich f\u00fcr jeden Hauttyp. Oliven\u00f6l Extra Vergine, haupts\u00e4chlich bestehend aus einfachen unges\u00e4ttigten Fetts\u00e4uren, stabilisiert den Feuchtigkeitsfilm der Haut und beschleunigt den [&hellip;]<\/p>\n","protected":false},"featured_media":7732,"comment_status":"closed","ping_status":"closed","template":"","meta":{"_acf_changed":false},"product_brand":[],"product_cat":[26],"product_tag":[],"class_list":{"0":"post-120","1":"product","2":"type-product","3":"status-publish","4":"has-post-thumbnail","6":"product_cat-cosmetica-olio-oliva","8":"first","9":"instock","10":"taxable","11":"shipping-taxable","12":"purchasable","13":"product-type-simple"},"acf":[],"_links":{"self":[{"href":"https:\/\/shop.oliobonamini.com\/de\/wp-json\/wp\/v2\/product\/120","targetHints":{"allow":["GET"]}}],"collection":[{"href":"https:\/\/shop.oliobonamini.com\/de\/wp-json\/wp\/v2\/product"}],"about":[{"href":"https:\/\/shop.oliobonamini.com\/de\/wp-json\/wp\/v2\/types\/product"}],"replies":[{"embeddable":true,"href":"https:\/\/shop.oliobonamini.com\/de\/wp-json\/wp\/v2\/comments?post=120"}],"wp:featuredmedia":[{"embeddable":true,"href":"https:\/\/shop.oliobonamini.com\/de\/wp-json\/wp\/v2\/media\/7732"}],"wp:attachment":[{"href":"https:\/\/shop.oliobonamini.com\/de\/wp-json\/wp\/v2\/media?parent=120"}],"wp:term":[{"taxonomy":"product_brand","embeddable":true,"href":"https:\/\/shop.oliobonamini.com\/de\/wp-json\/wp\/v2\/product_brand?post=120"},{"taxonomy":"product_cat","embeddable":true,"href":"https:\/\/shop.oliobonamini.com\/de\/wp-json\/wp\/v2\/product_cat?post=120"},{"taxonomy":"product_tag","embeddable":true,"href":"https:\/\/shop.oliobonamini.com\/de\/wp-json\/wp\/v2\/product_tag?post=120"}],"curies":[{"name":"wp","href":"https:\/\/api.w.org\/{rel}","templated":true}]}}