{"id":114678,"date":"2022-07-12T16:52:40","date_gmt":"2022-07-12T14:52:40","guid":{"rendered":"https:\/\/shop.oliobonamini.com\/?post_type=product&#038;p=114678"},"modified":"2025-06-07T11:23:34","modified_gmt":"2025-06-07T09:23:34","slug":"condimento-balsamico-rose-riserva","status":"publish","type":"product","link":"https:\/\/shop.oliobonamini.com\/de\/prodotto\/condimento-balsamico-rose-riserva\/","title":{"rendered":"Balsamico-Ros\u00e8-Dressing &#8211; Riserva 0,25L"},"content":{"rendered":"<p>Ros\u00e9 ist das Ergebnis der langsamen Veredelung sorgf\u00e4ltig ausgew\u00e4hlter italienischer Traubenmoste und des besten gereiften Wei\u00dfweinessigs. Nat\u00fcrlich rosa Farbe, ein intensives und entscheidendes Aroma und ein Geschmack mit anhaltenden fruchtigen Noten. Dieses Balsamico-Gew\u00fcrz erreicht seine maximalen M\u00f6glichkeiten in Kombination mit Fisch, wei\u00dfem Fleisch und frischem Weichk\u00e4se.<\/p>\n<p><strong>Gesamts\u00e4ure<\/strong> 3,80 g\/100 ml<\/p>\n<p><em>Das Produkt ist gentechnikfrei gem\u00e4\u00df Reg. 1829\/2003 \/ CE &#8211; 130\/2003 CE<\/em><\/p>\n<p><strong>Speicher Informationen<\/strong><\/p>\n<p>Temperatur 7\u00b0C &#8211; 30\u00b0C<br \/>\nLagern Sie das Produkt an einem k\u00fchlen, trockenen Ort fern von starken Temperaturschwankungen und setzen Sie es nicht direktem Sonnenlicht aus. Lassen Sie die Flasche nicht ohne Verschluss<\/p>","protected":false},"excerpt":{"rendered":"<p>Ros\u00e9 ist das Ergebnis der langsamen Veredelung sorgf\u00e4ltig ausgew\u00e4hlter italienischer Traubenmoste und des besten gereiften Wei\u00dfweinessigs. Nat\u00fcrlich rosa Farbe, ein intensives und entscheidendes Aroma und ein Geschmack mit anhaltenden fruchtigen Noten. Dieses Balsamico-Gew\u00fcrz erreicht seine maximalen M\u00f6glichkeiten in Kombination mit Fisch, wei\u00dfem Fleisch und frischem Weichk\u00e4se. Gesamts\u00e4ure 3,80 g\/100 ml Das Produkt ist gentechnikfrei gem\u00e4\u00df [&hellip;]<\/p>\n","protected":false},"featured_media":116496,"comment_status":"open","ping_status":"closed","template":"","meta":{"_acf_changed":false},"product_brand":[],"product_cat":[23],"product_tag":[],"class_list":{"0":"post-114678","1":"product","2":"type-product","3":"status-publish","4":"has-post-thumbnail","6":"product_cat-aceti-condimenti","8":"first","9":"instock","10":"taxable","11":"shipping-taxable","12":"purchasable","13":"product-type-simple"},"acf":[],"_links":{"self":[{"href":"https:\/\/shop.oliobonamini.com\/de\/wp-json\/wp\/v2\/product\/114678","targetHints":{"allow":["GET"]}}],"collection":[{"href":"https:\/\/shop.oliobonamini.com\/de\/wp-json\/wp\/v2\/product"}],"about":[{"href":"https:\/\/shop.oliobonamini.com\/de\/wp-json\/wp\/v2\/types\/product"}],"replies":[{"embeddable":true,"href":"https:\/\/shop.oliobonamini.com\/de\/wp-json\/wp\/v2\/comments?post=114678"}],"wp:featuredmedia":[{"embeddable":true,"href":"https:\/\/shop.oliobonamini.com\/de\/wp-json\/wp\/v2\/media\/116496"}],"wp:attachment":[{"href":"https:\/\/shop.oliobonamini.com\/de\/wp-json\/wp\/v2\/media?parent=114678"}],"wp:term":[{"taxonomy":"product_brand","embeddable":true,"href":"https:\/\/shop.oliobonamini.com\/de\/wp-json\/wp\/v2\/product_brand?post=114678"},{"taxonomy":"product_cat","embeddable":true,"href":"https:\/\/shop.oliobonamini.com\/de\/wp-json\/wp\/v2\/product_cat?post=114678"},{"taxonomy":"product_tag","embeddable":true,"href":"https:\/\/shop.oliobonamini.com\/de\/wp-json\/wp\/v2\/product_tag?post=114678"}],"curies":[{"name":"wp","href":"https:\/\/api.w.org\/{rel}","templated":true}]}}