{"id":114675,"date":"2022-07-21T16:27:24","date_gmt":"2022-07-21T14:27:24","guid":{"rendered":"https:\/\/shop.oliobonamini.com\/?post_type=product&#038;p=114675"},"modified":"2024-06-18T15:01:11","modified_gmt":"2024-06-18T13:01:11","slug":"condimento-balsamico-bianco-riserva","status":"publish","type":"product","link":"https:\/\/shop.oliobonamini.com\/de\/prodotto\/condimento-balsamico-bianco-riserva\/","title":{"rendered":"Wei\u00dfes Balsamico-Dressing &#8211; Riserva 0,25L"},"content":{"rendered":"<p>Die wei\u00dfe Balsamico-W\u00fcrze, ein Derivat der konzentrierten Mostmischung aus lokalen Trauben mit einem ausgezeichneten Weinessig, verst\u00e4rkt den Geschmack des Gerichts, ohne seinen Geschmack und sein Aroma zu \u00fcberw\u00e4ltigen, insbesondere dank seiner aromatischen Eigenschaften und seines s\u00fc\u00df-sauren Geschmacks. Aufgrund seiner aromatischen Ladung passt dieses Produkt perfekt zu Gefl\u00fcgelsalaten, gekochtem Gem\u00fcse und Zubereitungen von Saucen oder Marinaden.<\/p>\n<p><strong>Gesamts\u00e4ure<\/strong> 3,80 g\/100 ml<\/p>\n<p><em>Das Produkt ist gentechnikfrei gem\u00e4\u00df Reg. 1829\/2003 \/ CE &#8211; 130\/2003 CE<\/em><\/p>\n<p><strong>SPEICHERINFORMATIONEN<\/strong><\/p>\n<p>Temperatur 7\u00b0C &#8211; 30\u00b0C<br \/>\nLagern Sie das Produkt an einem k\u00fchlen, trockenen Ort fern von starken Temperaturschwankungen und setzen Sie es nicht direktem Sonnenlicht aus. Lassen Sie die Flasche nicht ohne Verschluss<\/p>","protected":false},"excerpt":{"rendered":"<p>Die wei\u00dfe Balsamico-W\u00fcrze, ein Derivat der konzentrierten Mostmischung aus lokalen Trauben mit einem ausgezeichneten Weinessig, verst\u00e4rkt den Geschmack des Gerichts, ohne seinen Geschmack und sein Aroma zu \u00fcberw\u00e4ltigen, insbesondere dank seiner aromatischen Eigenschaften und seines s\u00fc\u00df-sauren Geschmacks. Aufgrund seiner aromatischen Ladung passt dieses Produkt perfekt zu Gefl\u00fcgelsalaten, gekochtem Gem\u00fcse und Zubereitungen von Saucen oder Marinaden. [&hellip;]<\/p>\n","protected":false},"featured_media":116495,"comment_status":"open","ping_status":"closed","template":"","meta":{"_acf_changed":false},"product_brand":[],"product_cat":[23],"product_tag":[],"class_list":{"0":"post-114675","1":"product","2":"type-product","3":"status-publish","4":"has-post-thumbnail","6":"product_cat-aceti-condimenti","8":"first","9":"instock","10":"taxable","11":"shipping-taxable","12":"purchasable","13":"product-type-simple"},"acf":[],"_links":{"self":[{"href":"https:\/\/shop.oliobonamini.com\/de\/wp-json\/wp\/v2\/product\/114675","targetHints":{"allow":["GET"]}}],"collection":[{"href":"https:\/\/shop.oliobonamini.com\/de\/wp-json\/wp\/v2\/product"}],"about":[{"href":"https:\/\/shop.oliobonamini.com\/de\/wp-json\/wp\/v2\/types\/product"}],"replies":[{"embeddable":true,"href":"https:\/\/shop.oliobonamini.com\/de\/wp-json\/wp\/v2\/comments?post=114675"}],"wp:featuredmedia":[{"embeddable":true,"href":"https:\/\/shop.oliobonamini.com\/de\/wp-json\/wp\/v2\/media\/116495"}],"wp:attachment":[{"href":"https:\/\/shop.oliobonamini.com\/de\/wp-json\/wp\/v2\/media?parent=114675"}],"wp:term":[{"taxonomy":"product_brand","embeddable":true,"href":"https:\/\/shop.oliobonamini.com\/de\/wp-json\/wp\/v2\/product_brand?post=114675"},{"taxonomy":"product_cat","embeddable":true,"href":"https:\/\/shop.oliobonamini.com\/de\/wp-json\/wp\/v2\/product_cat?post=114675"},{"taxonomy":"product_tag","embeddable":true,"href":"https:\/\/shop.oliobonamini.com\/de\/wp-json\/wp\/v2\/product_tag?post=114675"}],"curies":[{"name":"wp","href":"https:\/\/api.w.org\/{rel}","templated":true}]}}