{"id":114672,"date":"2022-07-21T16:28:17","date_gmt":"2022-07-21T14:28:17","guid":{"rendered":"https:\/\/shop.oliobonamini.com\/?post_type=product&#038;p=114672"},"modified":"2026-02-04T10:26:42","modified_gmt":"2026-02-04T09:26:42","slug":"aceto-balsamico-di-modena-i-g-p-silver","status":"publish","type":"product","link":"https:\/\/shop.oliobonamini.com\/de\/prodotto\/aceto-balsamico-di-modena-i-g-p-silver\/","title":{"rendered":"Balsamico-Essig aus Modena I.G.P. &#8222;Silver&#8220; 0,25L"},"content":{"rendered":"<p>Von Gold zu Silber, f\u00fcr unseren Balsamico-Essig g.g.A. mit einer etwas geringeren Konzentration an gekochtem Most. Dieser Unterschied macht diesen Essig f\u00fcr die meisten Gaumen zug\u00e4nglich und auch einfach zu verwenden. Tats\u00e4chlich gibt der Silver Balsamico sein Bestes in Kombination mit ersten G\u00e4ngen wie Suppen und Risottos, aber auch mit Fisch. Schon mal ein Schokoladendessert probiert?<\/p>\n<p><strong>Gesamts\u00e4ure<\/strong> 6,00 g\/100 ml<\/p>\n<p><em>Das Produkt ist gentechnikfrei gem\u00e4\u00df Reg. 1829\/2003 \/ CE &#8211; 130\/2003 CE<\/em><\/p>\n<p><strong>Speicher Informationen<\/strong><\/p>\n<p>Temperatur 7\u00b0C &#8211; 30\u00b0C<br \/>\nLagern Sie das Produkt an einem k\u00fchlen, trockenen Ort fern von starken Temperaturschwankungen und setzen Sie es nicht direktem Sonnenlicht aus. Lassen Sie die Flasche nicht ohne Verschluss<\/p>","protected":false},"excerpt":{"rendered":"<p>Von Gold zu Silber, f\u00fcr unseren Balsamico-Essig g.g.A. mit einer etwas geringeren Konzentration an gekochtem Most. Dieser Unterschied macht diesen Essig f\u00fcr die meisten Gaumen zug\u00e4nglich und auch einfach zu verwenden. Tats\u00e4chlich gibt der Silver Balsamico sein Bestes in Kombination mit ersten G\u00e4ngen wie Suppen und Risottos, aber auch mit Fisch. Schon mal ein Schokoladendessert [&hellip;]<\/p>\n","protected":false},"featured_media":116494,"comment_status":"open","ping_status":"closed","template":"","meta":{"_acf_changed":false},"product_brand":[],"product_cat":[23],"product_tag":[],"class_list":{"0":"post-114672","1":"product","2":"type-product","3":"status-publish","4":"has-post-thumbnail","6":"product_cat-aceti-condimenti","8":"first","9":"instock","10":"taxable","11":"shipping-taxable","12":"purchasable","13":"product-type-simple"},"acf":[],"_links":{"self":[{"href":"https:\/\/shop.oliobonamini.com\/de\/wp-json\/wp\/v2\/product\/114672","targetHints":{"allow":["GET"]}}],"collection":[{"href":"https:\/\/shop.oliobonamini.com\/de\/wp-json\/wp\/v2\/product"}],"about":[{"href":"https:\/\/shop.oliobonamini.com\/de\/wp-json\/wp\/v2\/types\/product"}],"replies":[{"embeddable":true,"href":"https:\/\/shop.oliobonamini.com\/de\/wp-json\/wp\/v2\/comments?post=114672"}],"wp:featuredmedia":[{"embeddable":true,"href":"https:\/\/shop.oliobonamini.com\/de\/wp-json\/wp\/v2\/media\/116494"}],"wp:attachment":[{"href":"https:\/\/shop.oliobonamini.com\/de\/wp-json\/wp\/v2\/media?parent=114672"}],"wp:term":[{"taxonomy":"product_brand","embeddable":true,"href":"https:\/\/shop.oliobonamini.com\/de\/wp-json\/wp\/v2\/product_brand?post=114672"},{"taxonomy":"product_cat","embeddable":true,"href":"https:\/\/shop.oliobonamini.com\/de\/wp-json\/wp\/v2\/product_cat?post=114672"},{"taxonomy":"product_tag","embeddable":true,"href":"https:\/\/shop.oliobonamini.com\/de\/wp-json\/wp\/v2\/product_tag?post=114672"}],"curies":[{"name":"wp","href":"https:\/\/api.w.org\/{rel}","templated":true}]}}