{"id":110190,"date":"2022-06-09T10:02:50","date_gmt":"2022-06-09T08:02:50","guid":{"rendered":"https:\/\/shop.oliobonamini.com\/?post_type=product&#038;p=110190"},"modified":"2022-07-27T14:20:45","modified_gmt":"2022-07-27T12:20:45","slug":"grembiule-bonamini","status":"publish","type":"product","link":"https:\/\/shop.oliobonamini.com\/de\/prodotto\/grembiule-bonamini\/","title":{"rendered":"Sch\u00fcrze Bonamini"},"content":{"rendered":"<p>Bonamini personalisierte Sch\u00fcrze f\u00fcr M\u00e4nner\/Frauen.<br \/>\n<strong>Misst 58X92<\/strong><\/p>\n<p><img decoding=\"async\" class=\"alignnone wp-image-110194\" src=\"https:\/\/shop.oliobonamini.com\/wp-content\/uploads\/2022\/06\/Senza-titolo2.png\" alt=\"\" width=\"135\" height=\"268\" srcset=\"https:\/\/shop.oliobonamini.com\/wp-content\/uploads\/2022\/06\/Senza-titolo2.png 433w, https:\/\/shop.oliobonamini.com\/wp-content\/uploads\/2022\/06\/Senza-titolo2-151x300.png 151w, https:\/\/shop.oliobonamini.com\/wp-content\/uploads\/2022\/06\/Senza-titolo2-6x12.png 6w, https:\/\/shop.oliobonamini.com\/wp-content\/uploads\/2022\/06\/Senza-titolo2-300x595.png 300w\" sizes=\"(max-width: 135px) 100vw, 135px\" \/><\/p>","protected":false},"excerpt":{"rendered":"<p>Bonamini personalisierte Sch\u00fcrze f\u00fcr M\u00e4nner\/Frauen. Misst 58X92<\/p>\n","protected":false},"featured_media":110194,"comment_status":"open","ping_status":"closed","template":"","meta":{"_acf_changed":false},"product_brand":[],"product_cat":[40,28],"product_tag":[],"class_list":{"0":"post-110190","1":"product","2":"type-product","3":"status-publish","4":"has-post-thumbnail","6":"product_cat-confezioni-speciali","7":"product_cat-confezioni-regalo","9":"first","10":"instock","11":"taxable","12":"shipping-taxable","13":"purchasable","14":"product-type-simple"},"acf":[],"_links":{"self":[{"href":"https:\/\/shop.oliobonamini.com\/de\/wp-json\/wp\/v2\/product\/110190","targetHints":{"allow":["GET"]}}],"collection":[{"href":"https:\/\/shop.oliobonamini.com\/de\/wp-json\/wp\/v2\/product"}],"about":[{"href":"https:\/\/shop.oliobonamini.com\/de\/wp-json\/wp\/v2\/types\/product"}],"replies":[{"embeddable":true,"href":"https:\/\/shop.oliobonamini.com\/de\/wp-json\/wp\/v2\/comments?post=110190"}],"wp:featuredmedia":[{"embeddable":true,"href":"https:\/\/shop.oliobonamini.com\/de\/wp-json\/wp\/v2\/media\/110194"}],"wp:attachment":[{"href":"https:\/\/shop.oliobonamini.com\/de\/wp-json\/wp\/v2\/media?parent=110190"}],"wp:term":[{"taxonomy":"product_brand","embeddable":true,"href":"https:\/\/shop.oliobonamini.com\/de\/wp-json\/wp\/v2\/product_brand?post=110190"},{"taxonomy":"product_cat","embeddable":true,"href":"https:\/\/shop.oliobonamini.com\/de\/wp-json\/wp\/v2\/product_cat?post=110190"},{"taxonomy":"product_tag","embeddable":true,"href":"https:\/\/shop.oliobonamini.com\/de\/wp-json\/wp\/v2\/product_tag?post=110190"}],"curies":[{"name":"wp","href":"https:\/\/api.w.org\/{rel}","templated":true}]}}